{"id":6208,"date":"2024-02-05T22:40:29","date_gmt":"2024-02-05T20:40:29","guid":{"rendered":"https:\/\/www.zimmerliag.com\/?page_id=6208"},"modified":"2025-12-22T13:43:56","modified_gmt":"2025-12-22T11:43:56","slug":"startseite-neu","status":"publish","type":"page","link":"https:\/\/www.zimmerliag.com\/fr\/","title":{"rendered":"Home neu"},"content":{"rendered":"<div data-elementor-type=\"wp-page\" data-elementor-id=\"6208\" class=\"elementor elementor-6208\" data-elementor-post-type=\"page\">\n\t\t\t\t\t\t<section class=\"elementor-section elementor-top-section elementor-element elementor-element-978fdb8 elementor-section-boxed elementor-section-height-default elementor-section-height-default\" data-id=\"978fdb8\" data-element_type=\"section\" data-e-type=\"section\">\n\t\t\t\t\t\t<div class=\"elementor-container elementor-column-gap-default\">\n\t\t\t\t\t<div class=\"elementor-column elementor-col-100 elementor-top-column elementor-element elementor-element-6c229d5\" data-id=\"6c229d5\" data-element_type=\"column\" data-e-type=\"column\">\n\t\t\t<div class=\"elementor-widget-wrap elementor-element-populated\">\n\t\t\t\t\t\t<div class=\"elementor-element elementor-element-43fba0a elementor-hidden-mobile elementor-widget elementor-widget-heading\" data-id=\"43fba0a\" data-element_type=\"widget\" data-e-type=\"widget\" data-widget_type=\"heading.default\">\n\t\t\t\t<div class=\"elementor-widget-container\">\n\t\t\t\t\t<h1 class=\"elementor-heading-title elementor-size-default\"><span class=\"main-title\">Des solutions innovantes pour vos processus dans le domaine de la technique de r\u00e9gulation et de mesure<\/span><\/h1>\t\t\t\t<\/div>\n\t\t\t\t<\/div>\n\t\t\t\t<div class=\"elementor-element elementor-element-1d48e07 elementor-hidden-desktop elementor-hidden-tablet elementor-widget elementor-widget-heading\" data-id=\"1d48e07\" data-element_type=\"widget\" data-e-type=\"widget\" data-widget_type=\"heading.default\">\n\t\t\t\t<div class=\"elementor-widget-container\">\n\t\t\t\t\t<h1 class=\"elementor-heading-title elementor-size-default\"><span class=\"main-title\">Des solutions innovantes pour vos processus dans le domaine de la technique de r\u00e9gulation et de mesure<\/span><\/h1>\t\t\t\t<\/div>\n\t\t\t\t<\/div>\n\t\t\t\t<div class=\"elementor-element elementor-element-56c55b6 elementor-hidden-mobile elementor-widget elementor-widget-spacer\" data-id=\"56c55b6\" data-element_type=\"widget\" data-e-type=\"widget\" data-widget_type=\"spacer.default\">\n\t\t\t\t<div class=\"elementor-widget-container\">\n\t\t\t\t\t\t\t<div class=\"elementor-spacer\">\n\t\t\t<div class=\"elementor-spacer-inner\"><\/div>\n\t\t<\/div>\n\t\t\t\t\t\t<\/div>\n\t\t\t\t<\/div>\n\t\t\t\t\t<\/div>\n\t\t<\/div>\n\t\t\t\t\t<\/div>\n\t\t<\/section>\n\t\t\t\t<section class=\"elementor-section elementor-top-section elementor-element elementor-element-9382c85 elementor-reverse-tablet elementor-reverse-mobile elementor-section-content-top elementor-section-boxed elementor-section-height-default elementor-section-height-default\" data-id=\"9382c85\" data-element_type=\"section\" data-e-type=\"section\" id=\"content\">\n\t\t\t\t\t\t<div class=\"elementor-container elementor-column-gap-default\">\n\t\t\t\t\t<div class=\"elementor-column elementor-col-50 elementor-top-column elementor-element elementor-element-25fec45\" data-id=\"25fec45\" data-element_type=\"column\" data-e-type=\"column\">\n\t\t\t<div class=\"elementor-widget-wrap elementor-element-populated\">\n\t\t\t\t\t\t<div class=\"elementor-element elementor-element-968d945 elementor-grid-1 elementor-grid-tablet-2 elementor-grid-mobile-1 elementor-posts--thumbnail-top elementor-widget elementor-widget-posts\" data-id=\"968d945\" data-element_type=\"widget\" data-e-type=\"widget\" data-settings=\"{&quot;classic_row_gap&quot;:{&quot;unit&quot;:&quot;px&quot;,&quot;size&quot;:30,&quot;sizes&quot;:[]},&quot;classic_columns&quot;:&quot;1&quot;,&quot;classic_columns_tablet&quot;:&quot;2&quot;,&quot;classic_columns_mobile&quot;:&quot;1&quot;,&quot;classic_row_gap_tablet&quot;:{&quot;unit&quot;:&quot;px&quot;,&quot;size&quot;:&quot;&quot;,&quot;sizes&quot;:[]},&quot;classic_row_gap_mobile&quot;:{&quot;unit&quot;:&quot;px&quot;,&quot;size&quot;:&quot;&quot;,&quot;sizes&quot;:[]}}\" data-widget_type=\"posts.classic\">\n\t\t\t\t<div class=\"elementor-widget-container\">\n\t\t\t\t\t\t\t<div class=\"elementor-posts-container elementor-posts elementor-posts--skin-classic elementor-grid\" role=\"list\">\n\t\t\t\t<article class=\"elementor-post elementor-grid-item post-9994 post type-post status-publish format-standard has-post-thumbnail hentry category-allgemein tag-druckregler tag-messtechnik tag-praezision tag-zimmerli-messtechnik-ag\" role=\"listitem\">\n\t\t\t\t<a class=\"elementor-post__thumbnail__link\" href=\"https:\/\/www.zimmerliag.com\/fr\/zimmerli-druckregler-praezision-aus-der-schweiz-fuer-anspruchsvolle-anwendungen\/\" tabindex=\"-1\" >\n\t\t\t<div class=\"elementor-post__thumbnail\"><img fetchpriority=\"high\" decoding=\"async\" width=\"432\" height=\"250\" src=\"https:\/\/www.zimmerliag.com\/wp-content\/uploads\/2026\/04\/Prospekt_d-432x250.jpg\" class=\"attachment-header-left-image size-header-left-image wp-image-10017\" alt=\"Deckblatt Prospekt Zimmerli Druckregler\" title=\"R\u00e9gulateurs de pression Zimmerli \u2013 La pr\u00e9cision suisse pour les applications exigeantes\" srcset=\"https:\/\/www.zimmerliag.com\/wp-content\/uploads\/2026\/04\/Prospekt_d-432x250.jpg 432w, https:\/\/www.zimmerliag.com\/wp-content\/uploads\/2026\/04\/Prospekt_d-300x174.jpg 300w, https:\/\/www.zimmerliag.com\/wp-content\/uploads\/2026\/04\/Prospekt_d-768x444.jpg 768w, https:\/\/www.zimmerliag.com\/wp-content\/uploads\/2026\/04\/Prospekt_d-18x10.jpg 18w, https:\/\/www.zimmerliag.com\/wp-content\/uploads\/2026\/04\/Prospekt_d-591x342.jpg 591w, https:\/\/www.zimmerliag.com\/wp-content\/uploads\/2026\/04\/Prospekt_d-734x425.jpg 734w, https:\/\/www.zimmerliag.com\/wp-content\/uploads\/2026\/04\/Prospekt_d-550x318.jpg 550w, https:\/\/www.zimmerliag.com\/wp-content\/uploads\/2026\/04\/Prospekt_d-736x426.jpg 736w, https:\/\/www.zimmerliag.com\/wp-content\/uploads\/2026\/04\/Prospekt_d-590x342.jpg 590w, https:\/\/www.zimmerliag.com\/wp-content\/uploads\/2026\/04\/Prospekt_d-820x474.jpg 820w, https:\/\/www.zimmerliag.com\/wp-content\/uploads\/2026\/04\/Prospekt_d-918x531.jpg 918w, https:\/\/www.zimmerliag.com\/wp-content\/uploads\/2026\/04\/Prospekt_d.jpg 921w\" sizes=\"(max-width: 432px) 100vw, 432px\" \/><\/div>\n\t\t<\/a>\n\t\t\t\t<div class=\"elementor-post__text\">\n\t\t\t\t<h3 class=\"elementor-post__title\">\n\t\t\t<a href=\"https:\/\/www.zimmerliag.com\/fr\/zimmerli-druckregler-praezision-aus-der-schweiz-fuer-anspruchsvolle-anwendungen\/\" >\n\t\t\t\tR\u00e9gulateurs de pression Zimmerli \u2013 La pr\u00e9cision suisse pour les applications exigeantes\t\t\t<\/a>\n\t\t<\/h3>\n\t\t\t\t<div class=\"elementor-post__meta-data\">\n\t\t\t\t\t<span class=\"elementor-post-date\">\n\t\t\t21. avril 2026\t\t<\/span>\n\t\t\t\t<\/div>\n\t\t\t\t<div class=\"elementor-post__excerpt\">\n\t\t\t<p>FABRIQU\u00c9S EN SUISSE | R\u00c9GULATEURS DE PRESSION DE HAUTE QUALIT\u00c9 | VASTE INVENTAIRE \nR\u00e9gulation pr\u00e9cise de la pression pour des processus stables Des conditions de pression fiables sont essentielles pour des processus s\u00fbrs et reproductibles. Avec nos r\u00e9gulateurs de pression, vous misez sur<\/p>\n\t\t<\/div>\n\t\t\t\t<\/div>\n\t\t\t\t<\/article>\n\t\t\t\t<\/div>\n\t\t\n\t\t\t\t\t\t<\/div>\n\t\t\t\t<\/div>\n\t\t\t\t<div class=\"elementor-element elementor-element-5e41f2f elementor-align-center elementor-tablet-align-left elementor-widget elementor-widget-button\" data-id=\"5e41f2f\" data-element_type=\"widget\" data-e-type=\"widget\" data-widget_type=\"button.default\">\n\t\t\t\t<div class=\"elementor-widget-container\">\n\t\t\t\t\t\t\t\t\t<div class=\"elementor-button-wrapper\">\n\t\t\t\t\t<a class=\"elementor-button elementor-button-link elementor-size-md\" href=\"\/news\/\">\n\t\t\t\t\t\t<span class=\"elementor-button-content-wrapper\">\n\t\t\t\t\t\t\t\t\t<span class=\"elementor-button-text\">News<\/span>\n\t\t\t\t\t<\/span>\n\t\t\t\t\t<\/a>\n\t\t\t\t<\/div>\n\t\t\t\t\t\t\t\t<\/div>\n\t\t\t\t<\/div>\n\t\t\t\t\t<\/div>\n\t\t<\/div>\n\t\t\t\t<div class=\"elementor-column elementor-col-50 elementor-top-column elementor-element elementor-element-ea2294d\" data-id=\"ea2294d\" data-element_type=\"column\" data-e-type=\"column\">\n\t\t\t<div class=\"elementor-widget-wrap elementor-element-populated\">\n\t\t\t\t\t\t<div class=\"elementor-element elementor-element-7b491a6 elementor-widget-mobile__width-inherit elementor-widget elementor-widget-image-carousel\" data-id=\"7b491a6\" data-element_type=\"widget\" data-e-type=\"widget\" data-settings=\"{&quot;slides_to_show&quot;:&quot;1&quot;,&quot;navigation&quot;:&quot;none&quot;,&quot;autoplay_speed&quot;:2500,&quot;effect&quot;:&quot;fade&quot;,&quot;speed&quot;:2000,&quot;autoplay&quot;:&quot;yes&quot;,&quot;pause_on_hover&quot;:&quot;yes&quot;,&quot;pause_on_interaction&quot;:&quot;yes&quot;,&quot;infinite&quot;:&quot;yes&quot;}\" data-widget_type=\"image-carousel.default\">\n\t\t\t\t<div class=\"elementor-widget-container\">\n\t\t\t\t\t\t\t<div class=\"elementor-image-carousel-wrapper swiper\" role=\"region\" aria-roledescription=\"carousel\" aria-label=\"Image Carousel\" dir=\"ltr\">\n\t\t\t<div class=\"elementor-image-carousel swiper-wrapper\" aria-live=\"off\">\n\t\t\t\t\t\t\t\t<div class=\"swiper-slide\" role=\"group\" aria-roledescription=\"slide\" aria-label=\"1 of 5\"><figure class=\"swiper-slide-inner\"><img decoding=\"async\" class=\"swiper-slide-image\" src=\"https:\/\/www.zimmerliag.com\/wp-content\/uploads\/2025\/12\/V1_Zimmerli_WebsiteSlider-06-1930x952.png\" alt=\"V1_Zimmerli_WebsiteSlider-06\" \/><\/figure><\/div><div class=\"swiper-slide\" role=\"group\" aria-roledescription=\"slide\" aria-label=\"2 of 5\"><figure class=\"swiper-slide-inner\"><img decoding=\"async\" class=\"swiper-slide-image\" src=\"https:\/\/www.zimmerliag.com\/wp-content\/uploads\/2025\/12\/V1_Zimmerli_WebsiteSlider_01-1930x952.png\" alt=\"V1_Zimmerli_WebsiteSlider_01\" \/><\/figure><\/div><div class=\"swiper-slide\" role=\"group\" aria-roledescription=\"slide\" aria-label=\"3 of 5\"><figure class=\"swiper-slide-inner\"><img decoding=\"async\" class=\"swiper-slide-image\" src=\"https:\/\/www.zimmerliag.com\/wp-content\/uploads\/2025\/12\/V1_Zimmerli_WebsiteSlider_02-1930x952.png\" alt=\"V1_Zimmerli_WebsiteSlider_02\" \/><\/figure><\/div><div class=\"swiper-slide\" role=\"group\" aria-roledescription=\"slide\" aria-label=\"4 of 5\"><figure class=\"swiper-slide-inner\"><img decoding=\"async\" class=\"swiper-slide-image\" src=\"https:\/\/www.zimmerliag.com\/wp-content\/uploads\/2025\/12\/V1_Zimmerli_WebsiteSlider_03-1930x952.png\" alt=\"V1_Zimmerli_WebsiteSlider_03\" \/><\/figure><\/div><div class=\"swiper-slide\" role=\"group\" aria-roledescription=\"slide\" aria-label=\"5 of 5\"><figure class=\"swiper-slide-inner\"><img decoding=\"async\" class=\"swiper-slide-image\" src=\"https:\/\/www.zimmerliag.com\/wp-content\/uploads\/2025\/12\/V1_Zimmerli_WebsiteSlider-04-1930x952.png\" alt=\"V1_Zimmerli_WebsiteSlider-04\" \/><\/figure><\/div>\t\t\t<\/div>\n\t\t\t\t\t\t\t\n\t\t\t\t\t\t\t\t\t<\/div>\n\t\t\t\t\t\t<\/div>\n\t\t\t\t<\/div>\n\t\t\t\t\t<\/div>\n\t\t<\/div>\n\t\t\t\t\t<\/div>\n\t\t<\/section>\n\t\t\t\t<\/div>","protected":false},"excerpt":{"rendered":"<p>Innovative L\u00f6sungen f\u00fcr Ihre Prozesse in der Regel- und Messtechnik Innovative L\u00f6sungen f\u00fcr Ihre Prozesse in der Regel- und Messtechnik News<\/p>","protected":false},"author":7,"featured_media":0,"parent":0,"menu_order":0,"comment_status":"closed","ping_status":"closed","template":"","meta":{"_acf_changed":false,"footnotes":""},"class_list":["post-6208","page","type-page","status-publish","hentry"],"acf":[],"yoast_head":"<!-- This site is optimized with the Yoast SEO plugin v27.5 - https:\/\/yoast.com\/product\/yoast-seo-wordpress\/ -->\n<title>ZIMMERLI MESSTECHNIK AG - Massgeschneiderte L\u00f6sungen<\/title>\n<meta name=\"description\" content=\"ZIMMERLI MESSTECHNIK AG - Wir beraten Sie gerne f\u00fcr Neuprojekte und bestehende Anlagen - Sie profitieren von unserer langj\u00e4hrigen Erfahrung.\" \/>\n<meta name=\"robots\" content=\"index, follow, max-snippet:-1, max-image-preview:large, max-video-preview:-1\" \/>\n<link rel=\"canonical\" href=\"https:\/\/www.zimmerliag.com\/fr\/\" \/>\n<meta property=\"og:locale\" content=\"fr_FR\" \/>\n<meta property=\"og:type\" content=\"article\" \/>\n<meta property=\"og:title\" content=\"ZIMMERLI MESSTECHNIK AG - Massgeschneiderte L\u00f6sungen\" \/>\n<meta property=\"og:description\" content=\"ZIMMERLI MESSTECHNIK AG - Wir beraten Sie gerne f\u00fcr Neuprojekte und bestehende Anlagen - Sie profitieren von unserer langj\u00e4hrigen Erfahrung.\" \/>\n<meta property=\"og:url\" content=\"https:\/\/www.zimmerliag.com\/fr\/\" \/>\n<meta property=\"og:site_name\" content=\"ZIMMERLI MESSTECHNIK AG\" \/>\n<meta property=\"article:modified_time\" content=\"2025-12-22T11:43:56+00:00\" \/>\n<meta property=\"og:image\" content=\"https:\/\/www.zimmerliag.com\/wp-content\/uploads\/2025\/12\/V1_Zimmerli_WebsiteSlider-06-1930x952.png\" \/>\n<meta name=\"twitter:card\" content=\"summary_large_image\" \/>\n<meta name=\"twitter:label1\" content=\"Dur\u00e9e de lecture estim\u00e9e\" \/>\n\t<meta name=\"twitter:data1\" content=\"3 minutes\" \/>\n<script type=\"application\/ld+json\" class=\"yoast-schema-graph\">{\"@context\":\"https:\\\/\\\/schema.org\",\"@graph\":[{\"@type\":\"WebPage\",\"@id\":\"https:\\\/\\\/www.zimmerliag.com\\\/\",\"url\":\"https:\\\/\\\/www.zimmerliag.com\\\/\",\"name\":\"ZIMMERLI MESSTECHNIK AG - Massgeschneiderte L\u00f6sungen\",\"isPartOf\":{\"@id\":\"https:\\\/\\\/www.zimmerliag.com\\\/#website\"},\"primaryImageOfPage\":{\"@id\":\"https:\\\/\\\/www.zimmerliag.com\\\/#primaryimage\"},\"image\":{\"@id\":\"https:\\\/\\\/www.zimmerliag.com\\\/#primaryimage\"},\"thumbnailUrl\":\"https:\\\/\\\/www.zimmerliag.com\\\/wp-content\\\/uploads\\\/2025\\\/12\\\/V1_Zimmerli_WebsiteSlider-06-1930x952.png\",\"datePublished\":\"2024-02-05T20:40:29+00:00\",\"dateModified\":\"2025-12-22T11:43:56+00:00\",\"description\":\"ZIMMERLI MESSTECHNIK AG - Wir beraten Sie gerne f\u00fcr Neuprojekte und bestehende Anlagen - Sie profitieren von unserer langj\u00e4hrigen Erfahrung.\",\"breadcrumb\":{\"@id\":\"https:\\\/\\\/www.zimmerliag.com\\\/#breadcrumb\"},\"inLanguage\":\"fr-FR\",\"potentialAction\":[{\"@type\":\"ReadAction\",\"target\":[\"https:\\\/\\\/www.zimmerliag.com\\\/\"]}]},{\"@type\":\"ImageObject\",\"inLanguage\":\"fr-FR\",\"@id\":\"https:\\\/\\\/www.zimmerliag.com\\\/#primaryimage\",\"url\":\"https:\\\/\\\/www.zimmerliag.com\\\/wp-content\\\/uploads\\\/2025\\\/12\\\/V1_Zimmerli_WebsiteSlider-06-1930x952.png\",\"contentUrl\":\"https:\\\/\\\/www.zimmerliag.com\\\/wp-content\\\/uploads\\\/2025\\\/12\\\/V1_Zimmerli_WebsiteSlider-06-1930x952.png\"},{\"@type\":\"BreadcrumbList\",\"@id\":\"https:\\\/\\\/www.zimmerliag.com\\\/#breadcrumb\",\"itemListElement\":[{\"@type\":\"ListItem\",\"position\":1,\"name\":\"Home\",\"item\":\"https:\\\/\\\/www.zimmerliag.com\\\/\"},{\"@type\":\"ListItem\",\"position\":2,\"name\":\"Home neu\"}]},{\"@type\":\"WebSite\",\"@id\":\"https:\\\/\\\/www.zimmerliag.com\\\/#website\",\"url\":\"https:\\\/\\\/www.zimmerliag.com\\\/\",\"name\":\"ZIMMERLI MESSTECHNIK AG\",\"description\":\"\",\"publisher\":{\"@id\":\"https:\\\/\\\/www.zimmerliag.com\\\/#organization\"},\"potentialAction\":[{\"@type\":\"SearchAction\",\"target\":{\"@type\":\"EntryPoint\",\"urlTemplate\":\"https:\\\/\\\/www.zimmerliag.com\\\/?s={search_term_string}\"},\"query-input\":{\"@type\":\"PropertyValueSpecification\",\"valueRequired\":true,\"valueName\":\"search_term_string\"}}],\"inLanguage\":\"fr-FR\"},{\"@type\":\"Organization\",\"@id\":\"https:\\\/\\\/www.zimmerliag.com\\\/#organization\",\"name\":\"ZIMMERLI MESSTECHNIK AG\",\"url\":\"https:\\\/\\\/www.zimmerliag.com\\\/\",\"logo\":{\"@type\":\"ImageObject\",\"inLanguage\":\"fr-FR\",\"@id\":\"https:\\\/\\\/www.zimmerliag.com\\\/#\\\/schema\\\/logo\\\/image\\\/\",\"url\":\"https:\\\/\\\/www.zimmerliag.com\\\/wp-content\\\/uploads\\\/2021\\\/02\\\/Logo_Zimmerli_blau_schwarz_RGB-scaled-e1766044761939.png\",\"contentUrl\":\"https:\\\/\\\/www.zimmerliag.com\\\/wp-content\\\/uploads\\\/2021\\\/02\\\/Logo_Zimmerli_blau_schwarz_RGB-scaled-e1766044761939.png\",\"width\":1000,\"height\":256,\"caption\":\"ZIMMERLI MESSTECHNIK AG\"},\"image\":{\"@id\":\"https:\\\/\\\/www.zimmerliag.com\\\/#\\\/schema\\\/logo\\\/image\\\/\"}}]}<\/script>\n<!-- \/ Yoast SEO plugin. -->","yoast_head_json":{"title":"ZIMMERLI MESSTECHNIK AG - Massgeschneiderte L\u00f6sungen","description":"ZIMMERLI MESSTECHNIK AG - Wir beraten Sie gerne f\u00fcr Neuprojekte und bestehende Anlagen - Sie profitieren von unserer langj\u00e4hrigen Erfahrung.","robots":{"index":"index","follow":"follow","max-snippet":"max-snippet:-1","max-image-preview":"max-image-preview:large","max-video-preview":"max-video-preview:-1"},"canonical":"https:\/\/www.zimmerliag.com\/fr\/","og_locale":"fr_FR","og_type":"article","og_title":"ZIMMERLI MESSTECHNIK AG - Massgeschneiderte L\u00f6sungen","og_description":"ZIMMERLI MESSTECHNIK AG - Wir beraten Sie gerne f\u00fcr Neuprojekte und bestehende Anlagen - Sie profitieren von unserer langj\u00e4hrigen Erfahrung.","og_url":"https:\/\/www.zimmerliag.com\/fr\/","og_site_name":"ZIMMERLI MESSTECHNIK AG","article_modified_time":"2025-12-22T11:43:56+00:00","og_image":[{"url":"https:\/\/www.zimmerliag.com\/wp-content\/uploads\/2025\/12\/V1_Zimmerli_WebsiteSlider-06-1930x952.png","type":"","width":"","height":""}],"twitter_card":"summary_large_image","twitter_misc":{"Dur\u00e9e de lecture estim\u00e9e":"3 minutes"},"schema":{"@context":"https:\/\/schema.org","@graph":[{"@type":"WebPage","@id":"https:\/\/www.zimmerliag.com\/","url":"https:\/\/www.zimmerliag.com\/","name":"ZIMMERLI MESSTECHNIK AG - Massgeschneiderte L\u00f6sungen","isPartOf":{"@id":"https:\/\/www.zimmerliag.com\/#website"},"primaryImageOfPage":{"@id":"https:\/\/www.zimmerliag.com\/#primaryimage"},"image":{"@id":"https:\/\/www.zimmerliag.com\/#primaryimage"},"thumbnailUrl":"https:\/\/www.zimmerliag.com\/wp-content\/uploads\/2025\/12\/V1_Zimmerli_WebsiteSlider-06-1930x952.png","datePublished":"2024-02-05T20:40:29+00:00","dateModified":"2025-12-22T11:43:56+00:00","description":"ZIMMERLI MESSTECHNIK AG - Wir beraten Sie gerne f\u00fcr Neuprojekte und bestehende Anlagen - Sie profitieren von unserer langj\u00e4hrigen Erfahrung.","breadcrumb":{"@id":"https:\/\/www.zimmerliag.com\/#breadcrumb"},"inLanguage":"fr-FR","potentialAction":[{"@type":"ReadAction","target":["https:\/\/www.zimmerliag.com\/"]}]},{"@type":"ImageObject","inLanguage":"fr-FR","@id":"https:\/\/www.zimmerliag.com\/#primaryimage","url":"https:\/\/www.zimmerliag.com\/wp-content\/uploads\/2025\/12\/V1_Zimmerli_WebsiteSlider-06-1930x952.png","contentUrl":"https:\/\/www.zimmerliag.com\/wp-content\/uploads\/2025\/12\/V1_Zimmerli_WebsiteSlider-06-1930x952.png"},{"@type":"BreadcrumbList","@id":"https:\/\/www.zimmerliag.com\/#breadcrumb","itemListElement":[{"@type":"ListItem","position":1,"name":"Home","item":"https:\/\/www.zimmerliag.com\/"},{"@type":"ListItem","position":2,"name":"Home neu"}]},{"@type":"WebSite","@id":"https:\/\/www.zimmerliag.com\/#website","url":"https:\/\/www.zimmerliag.com\/","name":"ZIMMERLI MESSTECHNIK AG","description":"","publisher":{"@id":"https:\/\/www.zimmerliag.com\/#organization"},"potentialAction":[{"@type":"SearchAction","target":{"@type":"EntryPoint","urlTemplate":"https:\/\/www.zimmerliag.com\/?s={search_term_string}"},"query-input":{"@type":"PropertyValueSpecification","valueRequired":true,"valueName":"search_term_string"}}],"inLanguage":"fr-FR"},{"@type":"Organization","@id":"https:\/\/www.zimmerliag.com\/#organization","name":"ZIMMERLI MESSTECHNIK AG","url":"https:\/\/www.zimmerliag.com\/","logo":{"@type":"ImageObject","inLanguage":"fr-FR","@id":"https:\/\/www.zimmerliag.com\/#\/schema\/logo\/image\/","url":"https:\/\/www.zimmerliag.com\/wp-content\/uploads\/2021\/02\/Logo_Zimmerli_blau_schwarz_RGB-scaled-e1766044761939.png","contentUrl":"https:\/\/www.zimmerliag.com\/wp-content\/uploads\/2021\/02\/Logo_Zimmerli_blau_schwarz_RGB-scaled-e1766044761939.png","width":1000,"height":256,"caption":"ZIMMERLI MESSTECHNIK AG"},"image":{"@id":"https:\/\/www.zimmerliag.com\/#\/schema\/logo\/image\/"}}]}},"_links":{"self":[{"href":"https:\/\/www.zimmerliag.com\/fr\/wp-json\/wp\/v2\/pages\/6208","targetHints":{"allow":["GET"]}}],"collection":[{"href":"https:\/\/www.zimmerliag.com\/fr\/wp-json\/wp\/v2\/pages"}],"about":[{"href":"https:\/\/www.zimmerliag.com\/fr\/wp-json\/wp\/v2\/types\/page"}],"author":[{"embeddable":true,"href":"https:\/\/www.zimmerliag.com\/fr\/wp-json\/wp\/v2\/users\/7"}],"replies":[{"embeddable":true,"href":"https:\/\/www.zimmerliag.com\/fr\/wp-json\/wp\/v2\/comments?post=6208"}],"version-history":[{"count":209,"href":"https:\/\/www.zimmerliag.com\/fr\/wp-json\/wp\/v2\/pages\/6208\/revisions"}],"predecessor-version":[{"id":8827,"href":"https:\/\/www.zimmerliag.com\/fr\/wp-json\/wp\/v2\/pages\/6208\/revisions\/8827"}],"wp:attachment":[{"href":"https:\/\/www.zimmerliag.com\/fr\/wp-json\/wp\/v2\/media?parent=6208"}],"curies":[{"name":"wp","href":"https:\/\/api.w.org\/{rel}","templated":true}]}}