{"id":2759,"date":"2021-08-18T12:47:33","date_gmt":"2021-08-18T10:47:33","guid":{"rendered":"https:\/\/www.zimmerliag.com\/?page_id=2759"},"modified":"2025-04-27T15:22:17","modified_gmt":"2025-04-27T13:22:17","slug":"waegetechnik","status":"publish","type":"page","link":"https:\/\/www.zimmerliag.com\/fr\/waegetechnik\/","title":{"rendered":"Pesage"},"content":{"rendered":"<div data-elementor-type=\"wp-page\" data-elementor-id=\"2759\" class=\"elementor elementor-2759\" data-elementor-post-type=\"page\">\n\t\t\t\t\t\t<section class=\"elementor-section elementor-top-section elementor-element elementor-element-17acd67 elementor-section-boxed elementor-section-height-default elementor-section-height-default\" data-id=\"17acd67\" data-element_type=\"section\" data-e-type=\"section\">\n\t\t\t\t\t\t<div class=\"elementor-container elementor-column-gap-default\">\n\t\t\t\t\t<div class=\"elementor-column elementor-col-100 elementor-top-column elementor-element elementor-element-983b8d0\" data-id=\"983b8d0\" data-element_type=\"column\" data-e-type=\"column\">\n\t\t\t<div class=\"elementor-widget-wrap elementor-element-populated\">\n\t\t\t\t\t\t<div class=\"elementor-element elementor-element-47c0608 elementor-widget elementor-widget-spacer\" data-id=\"47c0608\" data-element_type=\"widget\" data-e-type=\"widget\" data-widget_type=\"spacer.default\">\n\t\t\t\t<div class=\"elementor-widget-container\">\n\t\t\t\t\t\t\t<div class=\"elementor-spacer\">\n\t\t\t<div class=\"elementor-spacer-inner\"><\/div>\n\t\t<\/div>\n\t\t\t\t\t\t<\/div>\n\t\t\t\t<\/div>\n\t\t\t\t<div class=\"elementor-element elementor-element-ee31fc1 elementor-hidden-desktop elementor-hidden-tablet elementor-hidden-mobile elementor-widget elementor-widget-heading\" data-id=\"ee31fc1\" data-element_type=\"widget\" data-e-type=\"widget\" data-widget_type=\"heading.default\">\n\t\t\t\t<div class=\"elementor-widget-container\">\n\t\t\t\t\t<h1 class=\"elementor-heading-title elementor-size-default\">W\u00e4getechnik - ZIMMERLI MESSTECHNIK AG<\/h1>\t\t\t\t<\/div>\n\t\t\t\t<\/div>\n\t\t\t\t\t<\/div>\n\t\t<\/div>\n\t\t\t\t\t<\/div>\n\t\t<\/section>\n\t\t\t\t<section class=\"elementor-section elementor-top-section elementor-element elementor-element-4fec610 elementor-section-boxed elementor-section-height-default elementor-section-height-default\" data-id=\"4fec610\" data-element_type=\"section\" data-e-type=\"section\">\n\t\t\t\t\t\t<div class=\"elementor-container elementor-column-gap-default\">\n\t\t\t\t\t<div class=\"elementor-column elementor-col-50 elementor-top-column elementor-element elementor-element-82eff62\" data-id=\"82eff62\" data-element_type=\"column\" data-e-type=\"column\">\n\t\t\t<div class=\"elementor-widget-wrap elementor-element-populated\">\n\t\t\t\t\t\t<div class=\"elementor-element elementor-element-ef843f6 elementor-widget elementor-widget-text-editor\" data-id=\"ef843f6\" data-element_type=\"widget\" data-e-type=\"widget\" data-widget_type=\"text-editor.default\">\n\t\t\t\t<div class=\"elementor-widget-container\">\n\t\t\t\t\t\t\t\t\t<p><a class=\"general-text main-color\" href=\"#\">Pesage<\/a><\/p>\t\t\t\t\t\t\t\t<\/div>\n\t\t\t\t<\/div>\n\t\t\t\t<div class=\"elementor-element elementor-element-15eec5e elementor-align-left elementor-widget elementor-widget-button\" data-id=\"15eec5e\" data-element_type=\"widget\" data-e-type=\"widget\" data-no-translation=\"\" data-widget_type=\"button.default\">\n\t\t\t\t<div class=\"elementor-widget-container\">\n\t\t\t\t\t<style>.elementor-element-15eec5e{display:none !important}<\/style>\t\t\t\t<\/div>\n\t\t\t\t<\/div>\n\t\t\t\t<div class=\"elementor-element elementor-element-686fa83 elementor-align-left elementor-widget elementor-widget-button\" data-id=\"686fa83\" data-element_type=\"widget\" data-e-type=\"widget\" data-no-translation=\"\" data-widget_type=\"button.default\">\n\t\t\t\t<div class=\"elementor-widget-container\">\n\t\t\t\t\t<style>.elementor-element-686fa83{display:none !important}<\/style>\t\t\t\t<\/div>\n\t\t\t\t<\/div>\n\t\t\t\t<div class=\"elementor-element elementor-element-19c8d1c elementor-align-left elementor-widget elementor-widget-button\" data-id=\"19c8d1c\" data-element_type=\"widget\" data-e-type=\"widget\" data-no-translation=\"\" data-widget_type=\"button.default\">\n\t\t\t\t<div class=\"elementor-widget-container\">\n\t\t\t\t\t\t\t\t\t<div class=\"elementor-button-wrapper\">\n\t\t\t\t\t<a class=\"elementor-button elementor-button-link elementor-size-md\" href=\"\/fr\/waegetechnik\">\n\t\t\t\t\t\t<span class=\"elementor-button-content-wrapper\">\n\t\t\t\t\t\t\t\t\t<span class=\"elementor-button-text\"><span class=\"main-font bold\">R\u00e9initialiser tout<\/span><\/span>\n\t\t\t\t\t<\/span>\n\t\t\t\t\t<\/a>\n\t\t\t\t<\/div>\n\t\t\t\t\t\t\t\t<\/div>\n\t\t\t\t<\/div>\n\t\t\t\t<div class=\"elementor-element elementor-element-29cdba4 elementor-widget elementor-widget-spacer\" data-id=\"29cdba4\" data-element_type=\"widget\" data-e-type=\"widget\" data-widget_type=\"spacer.default\">\n\t\t\t\t<div class=\"elementor-widget-container\">\n\t\t\t\t\t\t\t<div class=\"elementor-spacer\">\n\t\t\t<div class=\"elementor-spacer-inner\"><\/div>\n\t\t<\/div>\n\t\t\t\t\t\t<\/div>\n\t\t\t\t<\/div>\n\t\t\t\t<div class=\"elementor-element elementor-element-021e157 elementor-widget elementor-widget-heading\" data-id=\"021e157\" data-element_type=\"widget\" data-e-type=\"widget\" data-no-translation=\"\" data-widget_type=\"heading.default\">\n\t\t\t\t<div class=\"elementor-widget-container\">\n\t\t\t\t\t<style>.elementor-element-021e157{display:none !important}<\/style>\t\t\t\t<\/div>\n\t\t\t\t<\/div>\n\t\t\t\t<div class=\"elementor-element elementor-element-558845c elementor-widget elementor-widget-shortcode\" data-id=\"558845c\" data-element_type=\"widget\" data-e-type=\"widget\" data-widget_type=\"shortcode.default\">\n\t\t\t\t<div class=\"elementor-widget-container\">\n\t\t\t\t\t\t\t<div class=\"elementor-shortcode\"><div class=\"facetwp-facet facetwp-facet-wgetechnik_produkttyp facetwp-type-checkboxes\" data-name=\"wgetechnik_produkttyp\" data-type=\"checkboxes\"><\/div><\/div>\n\t\t\t\t\t\t<\/div>\n\t\t\t\t<\/div>\n\t\t\t\t<div class=\"elementor-element elementor-element-614bd69 elementor-widget elementor-widget-heading\" data-id=\"614bd69\" data-element_type=\"widget\" data-e-type=\"widget\" data-no-translation=\"\" data-widget_type=\"heading.default\">\n\t\t\t\t<div class=\"elementor-widget-container\">\n\t\t\t\t\t<style>.elementor-element-614bd69{display:none !important}<\/style>\t\t\t\t<\/div>\n\t\t\t\t<\/div>\n\t\t\t\t<div class=\"elementor-element elementor-element-c30bc25 elementor-widget elementor-widget-shortcode\" data-id=\"c30bc25\" data-element_type=\"widget\" data-e-type=\"widget\" data-widget_type=\"shortcode.default\">\n\t\t\t\t<div class=\"elementor-widget-container\">\n\t\t\t\t\t\t\t<div class=\"elementor-shortcode\"><div class=\"facetwp-facet facetwp-facet-wgetechnik_produktart facetwp-type-checkboxes\" data-name=\"wgetechnik_produktart\" data-type=\"checkboxes\"><\/div><\/div>\n\t\t\t\t\t\t<\/div>\n\t\t\t\t<\/div>\n\t\t\t\t<div class=\"elementor-element elementor-element-578f0c8 elementor-widget elementor-widget-heading\" data-id=\"578f0c8\" data-element_type=\"widget\" data-e-type=\"widget\" data-no-translation=\"\" data-widget_type=\"heading.default\">\n\t\t\t\t<div class=\"elementor-widget-container\">\n\t\t\t\t\t<style>.elementor-element-578f0c8{display:none !important}<\/style>\t\t\t\t<\/div>\n\t\t\t\t<\/div>\n\t\t\t\t<div class=\"elementor-element elementor-element-23d792a elementor-widget elementor-widget-shortcode\" data-id=\"23d792a\" data-element_type=\"widget\" data-e-type=\"widget\" data-widget_type=\"shortcode.default\">\n\t\t\t\t<div class=\"elementor-widget-container\">\n\t\t\t\t\t\t\t<div class=\"elementor-shortcode\"><div class=\"facetwp-facet facetwp-facet-wgetechnik_industrielle_anfoderungen facetwp-type-checkboxes\" data-name=\"wgetechnik_industrielle_anfoderungen\" data-type=\"checkboxes\"><\/div><\/div>\n\t\t\t\t\t\t<\/div>\n\t\t\t\t<\/div>\n\t\t\t\t<div class=\"elementor-element elementor-element-f6938fb elementor-widget elementor-widget-text-editor\" data-id=\"f6938fb\" data-element_type=\"widget\" data-e-type=\"widget\" data-no-translation=\"\" data-widget_type=\"text-editor.default\">\n\t\t\t\t<div class=\"elementor-widget-container\">\n\t\t\t\t\t<style>.elementor-element-f6938fb{display:none !important}<\/style>\t\t\t\t<\/div>\n\t\t\t\t<\/div>\n\t\t\t\t<div class=\"elementor-element elementor-element-106239e elementor-widget elementor-widget-text-editor\" data-id=\"106239e\" data-element_type=\"widget\" data-e-type=\"widget\" data-no-translation=\"\" data-widget_type=\"text-editor.default\">\n\t\t\t\t<div class=\"elementor-widget-container\">\n\t\t\t\t\t<style>.elementor-element-106239e{display:none !important}<\/style>\t\t\t\t<\/div>\n\t\t\t\t<\/div>\n\t\t\t\t<div class=\"elementor-element elementor-element-98c1f0a elementor-widget elementor-widget-text-editor\" data-id=\"98c1f0a\" data-element_type=\"widget\" data-e-type=\"widget\" data-no-translation=\"\" data-widget_type=\"text-editor.default\">\n\t\t\t\t<div class=\"elementor-widget-container\">\n\t\t\t\t\t\t\t\t\t<a class=\"general-text\" href=\"\/fr\/durchfluss\">D\u00e9bit<\/a><br class=\"br\" \/><a class=\"general-text\" href=\"\/fr\/fuellstand\">Niveaux de remplissage<\/a><br class=\"br\" \/><a class=\"general-text\" href=\"\/fr\/waegetechnik\">Pesage<\/a><br class=\"br\" \/><a class=\"general-text\" href=\"\/fr\/druckregler\">R\u00e9gulateur de pression<\/a><br class=\"br\" \/><a class=\"general-text\" href=\"\/fr\/druckmesstechnik\">Technique de mesure pression<\/a><br class=\"br\" \/><a class=\"general-text\" href=\"\/fr\/temperatur\">Temp\u00e9rature<\/a>\t\t\t\t\t\t\t\t<\/div>\n\t\t\t\t<\/div>\n\t\t\t\t\t<\/div>\n\t\t<\/div>\n\t\t\t\t<div class=\"elementor-column elementor-col-50 elementor-top-column elementor-element elementor-element-9d38570\" data-id=\"9d38570\" data-element_type=\"column\" data-e-type=\"column\">\n\t\t\t<div class=\"elementor-widget-wrap elementor-element-populated\">\n\t\t\t\t\t\t<div class=\"elementor-element elementor-element-39ab859 elementor-widget elementor-widget-shortcode\" data-id=\"39ab859\" data-element_type=\"widget\" data-e-type=\"widget\" data-widget_type=\"shortcode.default\">\n\t\t\t\t<div class=\"elementor-widget-container\">\n\t\t\t\t\t\t\t<div class=\"elementor-shortcode\"><div class=\"facetwp-template\" data-name=\"wgetechnik\"><div class=\"fwpl-layout el-x5dmig\"><div class=\"fwpl-result r1\"><div class=\"fwpl-row el-4363lg\"><div class=\"fwpl-col fwpl-col el-1h67uo\"><div class=\"fwpl-item el-17y6k9\"><a href=\"https:\/\/www.zimmerliag.com\/fr\/wagetechnik\/waegeterminals\/\" target=\"_blank\"><img decoding=\"async\" width=\"136\" height=\"93\" src=\"https:\/\/www.zimmerliag.com\/wp-content\/uploads\/2021\/08\/waegeterminals.png\" class=\"attachment-medium size-medium wp-post-image\" alt=\"waegeterminals\" srcset=\"https:\/\/www.zimmerliag.com\/wp-content\/uploads\/2021\/08\/waegeterminals.png 136w, https:\/\/www.zimmerliag.com\/wp-content\/uploads\/2021\/08\/waegeterminals-18x12.png 18w\" sizes=\"(max-width: 136px) 100vw, 136px\" title=\"Terminaux de pesage\" \/><\/a><\/div><div class=\"fwpl-item el-hhkwim general-text\"><a href=\"https:\/\/www.zimmerliag.com\/fr\/wagetechnik\/waegeterminals\/\" target=\"_blank\">Terminaux de pesage<\/a><\/div><div class=\"fwpl-item el-s2t9e\">\n<p>Indicateurs de pesage polyvalents performants<br>Faciles \u00e0 programmer et \u00e0 utiliser<br>Affichage LED de grande taille jusqu\u2019\u00e0 40mm avec \u00e9clairage de fond color\u00e9<br>Utilisable pour r\u00e9cipients, balances au sol, le pesage mobile etc. aussi bien dans le secteur industriel que commercial<br>Partiellement avec batterierechargeable  int\u00e9gr\u00e9e<br>\u00c9galement homologu\u00e9e CE-M (OIML R-76 \/ EN 45501)<\/p>\n<\/div><\/div><\/div><\/div><div class=\"fwpl-result r2\"><div class=\"fwpl-row el-4363lg\"><div class=\"fwpl-col fwpl-col el-1h67uo\"><div class=\"fwpl-item el-17y6k9\"><a href=\"https:\/\/www.zimmerliag.com\/fr\/wagetechnik\/waegezellen-waegemodule\/\" target=\"_blank\"><img decoding=\"async\" width=\"140\" height=\"74\" src=\"https:\/\/www.zimmerliag.com\/wp-content\/uploads\/2021\/08\/waegezellen.png\" class=\"attachment-medium size-medium wp-post-image\" alt=\"waegezellen\" srcset=\"https:\/\/www.zimmerliag.com\/wp-content\/uploads\/2021\/08\/waegezellen.png 140w, https:\/\/www.zimmerliag.com\/wp-content\/uploads\/2021\/08\/waegezellen-18x10.png 18w\" sizes=\"(max-width: 140px) 100vw, 140px\" title=\"Terminaux de pesage\" \/><\/a><\/div><div class=\"fwpl-item el-hhkwim general-text\"><a href=\"https:\/\/www.zimmerliag.com\/fr\/wagetechnik\/waegezellen-waegemodule\/\" target=\"_blank\">Cellules de pesage\/modules de pesage<\/a><\/div><div class=\"fwpl-item el-s2t9e\">\n<p>Set de montage pour<br>Cellules de pesage \u00e0 barre de flexion FXC et FXD jusqu\u2019\u00e0 500kg<br>Cellules de cisaillement de la s\u00e9rie SBX jusqu\u2019\u00e0 10.000kg<br>Cellules de pesage \u00e0 force de compression CPX jusqu\u2019\u00e0 100.000 kg<\/p>\n<\/div><\/div><\/div><\/div><div class=\"fwpl-result r3\"><div class=\"fwpl-row el-4363lg\"><div class=\"fwpl-col fwpl-col el-1h67uo\"><div class=\"fwpl-item el-17y6k9\"><a href=\"https:\/\/www.zimmerliag.com\/fr\/wagetechnik\/plattform-waegemodukle\/\" target=\"_blank\"><img decoding=\"async\" width=\"152\" height=\"82\" src=\"https:\/\/www.zimmerliag.com\/wp-content\/uploads\/2021\/08\/plattform.png\" class=\"attachment-medium size-medium wp-post-image\" alt=\"plattform\" srcset=\"https:\/\/www.zimmerliag.com\/wp-content\/uploads\/2021\/08\/plattform.png 152w, https:\/\/www.zimmerliag.com\/wp-content\/uploads\/2021\/08\/plattform-150x82.png 150w, https:\/\/www.zimmerliag.com\/wp-content\/uploads\/2021\/08\/plattform-18x10.png 18w\" sizes=\"(max-width: 152px) 100vw, 152px\" title=\"Terminaux de pesage\" \/><\/a><\/div><div class=\"fwpl-item el-hhkwim general-text\"><a href=\"https:\/\/www.zimmerliag.com\/fr\/wagetechnik\/plattform-waegemodukle\/\" target=\"_blank\">Plattform\/W\u00e4gemodule<\/a><\/div><div class=\"fwpl-item el-s2t9e\">\n<p>Balance-plateforme avec une ou quatre cellules de mesure.<br>Mod\u00e8le : disponible en acier ou acier inoxydable<br>calibr\u00e9 et en ancienne version<\/p>\n<\/div><\/div><\/div><\/div><div class=\"fwpl-result r4\"><div class=\"fwpl-row el-4363lg\"><div class=\"fwpl-col fwpl-col el-1h67uo\"><div class=\"fwpl-item el-17y6k9\"><a href=\"https:\/\/www.zimmerliag.com\/fr\/wagetechnik\/mobiles-waegen\/\" target=\"_blank\"><img loading=\"lazy\" decoding=\"async\" width=\"174\" height=\"101\" src=\"https:\/\/www.zimmerliag.com\/wp-content\/uploads\/2021\/08\/mobiles-waegen.png\" class=\"attachment-medium size-medium wp-post-image\" alt=\"mobiles-waegen\" srcset=\"https:\/\/www.zimmerliag.com\/wp-content\/uploads\/2021\/08\/mobiles-waegen.png 174w, https:\/\/www.zimmerliag.com\/wp-content\/uploads\/2021\/08\/mobiles-waegen-18x10.png 18w\" sizes=\"(max-width: 174px) 100vw, 174px\" title=\"Terminaux de pesage\" \/><\/a><\/div><div class=\"fwpl-item el-hhkwim general-text\"><a href=\"https:\/\/www.zimmerliag.com\/fr\/wagetechnik\/mobiles-waegen\/\" target=\"_blank\">Pesage mobile<\/a><\/div><div class=\"fwpl-item el-s2t9e\">\n<p>Balances standards et ATEX pour l\u2019utilisation dans les environnements expos\u00e9s au danger d\u2019explosion (ZONES 1 et 21 &amp; 2 et 22) des types de protection Ex II 2G IIB T4 Gb X et Ex II 2D IIIC T197\u00b0C Db X.<br>Disponibles en version calibr\u00e9e. Fabriqu\u00e9e et calibr\u00e9e conform\u00e9ment aux mesures de contr\u00f4le homologu\u00e9es.<\/p>\n<\/div><\/div><\/div><\/div><\/div>\n<style>\n.fwpl-layout, .fwpl-row {\n    display: grid;\n}\n.fwpl-layout.el-x5dmig {\n    grid-template-columns: repeat(3, 1fr);\n    grid-gap: 30px;\n}\n.fwpl-btn {\n    text-decoration: none;\n}\n.fwpl-row.el-4363lg {\n    grid-template-columns: 1fr;\n}\n.fwpl-item.el-hhkwim {\n    font-weight: bold;\n    font-size: 20px;\n    color: #000000;\n}\n.fwpl-item.el-s2t9e {\n    font-size: 16px;\n    color: #000000;\n}\n@media (max-width: 480px) { \n    body .facetwp-template .fwpl-layout,  \n    body .facetwp-template-static .fwpl-layout { grid-template-columns: 1fr; } \n} \n\n<\/style>\n<\/div><\/div>\n\t\t\t\t\t\t<\/div>\n\t\t\t\t<\/div>\n\t\t\t\t\t<\/div>\n\t\t<\/div>\n\t\t\t\t\t<\/div>\n\t\t<\/section>\n\t\t\t\t<section class=\"elementor-section elementor-top-section elementor-element elementor-element-f0d4d6a elementor-section-boxed elementor-section-height-default elementor-section-height-default\" data-id=\"f0d4d6a\" data-element_type=\"section\" data-e-type=\"section\">\n\t\t\t\t\t\t<div class=\"elementor-container elementor-column-gap-default\">\n\t\t\t\t\t<div class=\"elementor-column elementor-col-100 elementor-top-column elementor-element elementor-element-908de02\" data-id=\"908de02\" data-element_type=\"column\" data-e-type=\"column\">\n\t\t\t<div class=\"elementor-widget-wrap elementor-element-populated\">\n\t\t\t\t\t\t<div class=\"elementor-element elementor-element-8c9737c elementor-widget elementor-widget-spacer\" data-id=\"8c9737c\" data-element_type=\"widget\" data-e-type=\"widget\" data-widget_type=\"spacer.default\">\n\t\t\t\t<div class=\"elementor-widget-container\">\n\t\t\t\t\t\t\t<div class=\"elementor-spacer\">\n\t\t\t<div class=\"elementor-spacer-inner\"><\/div>\n\t\t<\/div>\n\t\t\t\t\t\t<\/div>\n\t\t\t\t<\/div>\n\t\t\t\t\t<\/div>\n\t\t<\/div>\n\t\t\t\t\t<\/div>\n\t\t<\/section>\n\t\t\t\t<\/div>","protected":false},"excerpt":{"rendered":"<p>W\u00e4getechnik &#8211; ZIMMERLI MESSTECHNIK AG W\u00e4getechnik Alles zur\u00fccksetzen Produkttyp Produktart Industrielle Anforderungen DurchflussF\u00fcllstandW\u00e4getechnikDruckreglerDruckmesstechnikTemperaturFlow measurementLevel measurementIndustrial WeighingPressure regulatingPressure measurementTemperature measurementD\u00e9bitNiveaux de remplissagePesageR\u00e9gulateur de pressionTechnique de mesure pressionTemp\u00e9rature<\/p>","protected":false},"author":8,"featured_media":0,"parent":0,"menu_order":0,"comment_status":"closed","ping_status":"closed","template":"elementor_header_footer","meta":{"_acf_changed":false,"footnotes":""},"class_list":["post-2759","page","type-page","status-publish","hentry"],"acf":[],"yoast_head":"<!-- This site is optimized with the Yoast SEO plugin v27.5 - https:\/\/yoast.com\/product\/yoast-seo-wordpress\/ -->\n<title>W\u00e4getechnik - ZIMMERLI MESSTECHNIK AG<\/title>\n<meta name=\"description\" content=\"ZIMMERLI MESSTECHNIK AG - W\u00e4getechnik - Wir beraten Sie sowohl bei neuen L\u00f6sungen als auch bei Optimierungen Ihrer bestehenden Anlagen.\" \/>\n<meta name=\"robots\" content=\"index, follow, max-snippet:-1, max-image-preview:large, max-video-preview:-1\" \/>\n<link rel=\"canonical\" href=\"https:\/\/www.zimmerliag.com\/fr\/waegetechnik\/\" \/>\n<meta property=\"og:locale\" content=\"fr_FR\" \/>\n<meta property=\"og:type\" content=\"article\" \/>\n<meta property=\"og:title\" content=\"W\u00e4getechnik - ZIMMERLI MESSTECHNIK AG\" \/>\n<meta property=\"og:description\" content=\"ZIMMERLI MESSTECHNIK AG - W\u00e4getechnik - Wir beraten Sie sowohl bei neuen L\u00f6sungen als auch bei Optimierungen Ihrer bestehenden Anlagen.\" \/>\n<meta property=\"og:url\" content=\"https:\/\/www.zimmerliag.com\/fr\/waegetechnik\/\" \/>\n<meta property=\"og:site_name\" content=\"ZIMMERLI MESSTECHNIK AG\" \/>\n<meta property=\"article:modified_time\" content=\"2025-04-27T13:22:17+00:00\" \/>\n<meta name=\"twitter:card\" content=\"summary_large_image\" \/>\n<meta name=\"twitter:label1\" content=\"Dur\u00e9e de lecture estim\u00e9e\" \/>\n\t<meta name=\"twitter:data1\" content=\"1 minute\" \/>\n<script type=\"application\/ld+json\" class=\"yoast-schema-graph\">{\"@context\":\"https:\\\/\\\/schema.org\",\"@graph\":[{\"@type\":\"WebPage\",\"@id\":\"https:\\\/\\\/www.zimmerliag.com\\\/waegetechnik\\\/\",\"url\":\"https:\\\/\\\/www.zimmerliag.com\\\/waegetechnik\\\/\",\"name\":\"W\u00e4getechnik - ZIMMERLI MESSTECHNIK AG\",\"isPartOf\":{\"@id\":\"https:\\\/\\\/www.zimmerliag.com\\\/#website\"},\"datePublished\":\"2021-08-18T10:47:33+00:00\",\"dateModified\":\"2025-04-27T13:22:17+00:00\",\"description\":\"ZIMMERLI MESSTECHNIK AG - W\u00e4getechnik - Wir beraten Sie sowohl bei neuen L\u00f6sungen als auch bei Optimierungen Ihrer bestehenden Anlagen.\",\"breadcrumb\":{\"@id\":\"https:\\\/\\\/www.zimmerliag.com\\\/waegetechnik\\\/#breadcrumb\"},\"inLanguage\":\"fr-FR\",\"potentialAction\":[{\"@type\":\"ReadAction\",\"target\":[\"https:\\\/\\\/www.zimmerliag.com\\\/waegetechnik\\\/\"]}]},{\"@type\":\"BreadcrumbList\",\"@id\":\"https:\\\/\\\/www.zimmerliag.com\\\/waegetechnik\\\/#breadcrumb\",\"itemListElement\":[{\"@type\":\"ListItem\",\"position\":1,\"name\":\"Home\",\"item\":\"https:\\\/\\\/www.zimmerliag.com\\\/\"},{\"@type\":\"ListItem\",\"position\":2,\"name\":\"W\u00e4getechnik\"}]},{\"@type\":\"WebSite\",\"@id\":\"https:\\\/\\\/www.zimmerliag.com\\\/#website\",\"url\":\"https:\\\/\\\/www.zimmerliag.com\\\/\",\"name\":\"ZIMMERLI MESSTECHNIK AG\",\"description\":\"\",\"publisher\":{\"@id\":\"https:\\\/\\\/www.zimmerliag.com\\\/#organization\"},\"potentialAction\":[{\"@type\":\"SearchAction\",\"target\":{\"@type\":\"EntryPoint\",\"urlTemplate\":\"https:\\\/\\\/www.zimmerliag.com\\\/?s={search_term_string}\"},\"query-input\":{\"@type\":\"PropertyValueSpecification\",\"valueRequired\":true,\"valueName\":\"search_term_string\"}}],\"inLanguage\":\"fr-FR\"},{\"@type\":\"Organization\",\"@id\":\"https:\\\/\\\/www.zimmerliag.com\\\/#organization\",\"name\":\"ZIMMERLI MESSTECHNIK AG\",\"url\":\"https:\\\/\\\/www.zimmerliag.com\\\/\",\"logo\":{\"@type\":\"ImageObject\",\"inLanguage\":\"fr-FR\",\"@id\":\"https:\\\/\\\/www.zimmerliag.com\\\/#\\\/schema\\\/logo\\\/image\\\/\",\"url\":\"https:\\\/\\\/www.zimmerliag.com\\\/wp-content\\\/uploads\\\/2021\\\/02\\\/Logo_Zimmerli_blau_schwarz_RGB-scaled-e1766044761939.png\",\"contentUrl\":\"https:\\\/\\\/www.zimmerliag.com\\\/wp-content\\\/uploads\\\/2021\\\/02\\\/Logo_Zimmerli_blau_schwarz_RGB-scaled-e1766044761939.png\",\"width\":1000,\"height\":256,\"caption\":\"ZIMMERLI MESSTECHNIK AG\"},\"image\":{\"@id\":\"https:\\\/\\\/www.zimmerliag.com\\\/#\\\/schema\\\/logo\\\/image\\\/\"}}]}<\/script>\n<!-- \/ Yoast SEO plugin. -->","yoast_head_json":{"title":"W\u00e4getechnik - ZIMMERLI MESSTECHNIK AG","description":"ZIMMERLI MESSTECHNIK AG - W\u00e4getechnik - Wir beraten Sie sowohl bei neuen L\u00f6sungen als auch bei Optimierungen Ihrer bestehenden Anlagen.","robots":{"index":"index","follow":"follow","max-snippet":"max-snippet:-1","max-image-preview":"max-image-preview:large","max-video-preview":"max-video-preview:-1"},"canonical":"https:\/\/www.zimmerliag.com\/fr\/waegetechnik\/","og_locale":"fr_FR","og_type":"article","og_title":"W\u00e4getechnik - ZIMMERLI MESSTECHNIK AG","og_description":"ZIMMERLI MESSTECHNIK AG - W\u00e4getechnik - Wir beraten Sie sowohl bei neuen L\u00f6sungen als auch bei Optimierungen Ihrer bestehenden Anlagen.","og_url":"https:\/\/www.zimmerliag.com\/fr\/waegetechnik\/","og_site_name":"ZIMMERLI MESSTECHNIK AG","article_modified_time":"2025-04-27T13:22:17+00:00","twitter_card":"summary_large_image","twitter_misc":{"Dur\u00e9e de lecture estim\u00e9e":"1 minute"},"schema":{"@context":"https:\/\/schema.org","@graph":[{"@type":"WebPage","@id":"https:\/\/www.zimmerliag.com\/waegetechnik\/","url":"https:\/\/www.zimmerliag.com\/waegetechnik\/","name":"W\u00e4getechnik - ZIMMERLI MESSTECHNIK AG","isPartOf":{"@id":"https:\/\/www.zimmerliag.com\/#website"},"datePublished":"2021-08-18T10:47:33+00:00","dateModified":"2025-04-27T13:22:17+00:00","description":"ZIMMERLI MESSTECHNIK AG - W\u00e4getechnik - Wir beraten Sie sowohl bei neuen L\u00f6sungen als auch bei Optimierungen Ihrer bestehenden Anlagen.","breadcrumb":{"@id":"https:\/\/www.zimmerliag.com\/waegetechnik\/#breadcrumb"},"inLanguage":"fr-FR","potentialAction":[{"@type":"ReadAction","target":["https:\/\/www.zimmerliag.com\/waegetechnik\/"]}]},{"@type":"BreadcrumbList","@id":"https:\/\/www.zimmerliag.com\/waegetechnik\/#breadcrumb","itemListElement":[{"@type":"ListItem","position":1,"name":"Home","item":"https:\/\/www.zimmerliag.com\/"},{"@type":"ListItem","position":2,"name":"W\u00e4getechnik"}]},{"@type":"WebSite","@id":"https:\/\/www.zimmerliag.com\/#website","url":"https:\/\/www.zimmerliag.com\/","name":"ZIMMERLI MESSTECHNIK AG","description":"","publisher":{"@id":"https:\/\/www.zimmerliag.com\/#organization"},"potentialAction":[{"@type":"SearchAction","target":{"@type":"EntryPoint","urlTemplate":"https:\/\/www.zimmerliag.com\/?s={search_term_string}"},"query-input":{"@type":"PropertyValueSpecification","valueRequired":true,"valueName":"search_term_string"}}],"inLanguage":"fr-FR"},{"@type":"Organization","@id":"https:\/\/www.zimmerliag.com\/#organization","name":"ZIMMERLI MESSTECHNIK AG","url":"https:\/\/www.zimmerliag.com\/","logo":{"@type":"ImageObject","inLanguage":"fr-FR","@id":"https:\/\/www.zimmerliag.com\/#\/schema\/logo\/image\/","url":"https:\/\/www.zimmerliag.com\/wp-content\/uploads\/2021\/02\/Logo_Zimmerli_blau_schwarz_RGB-scaled-e1766044761939.png","contentUrl":"https:\/\/www.zimmerliag.com\/wp-content\/uploads\/2021\/02\/Logo_Zimmerli_blau_schwarz_RGB-scaled-e1766044761939.png","width":1000,"height":256,"caption":"ZIMMERLI MESSTECHNIK AG"},"image":{"@id":"https:\/\/www.zimmerliag.com\/#\/schema\/logo\/image\/"}}]}},"_links":{"self":[{"href":"https:\/\/www.zimmerliag.com\/fr\/wp-json\/wp\/v2\/pages\/2759","targetHints":{"allow":["GET"]}}],"collection":[{"href":"https:\/\/www.zimmerliag.com\/fr\/wp-json\/wp\/v2\/pages"}],"about":[{"href":"https:\/\/www.zimmerliag.com\/fr\/wp-json\/wp\/v2\/types\/page"}],"author":[{"embeddable":true,"href":"https:\/\/www.zimmerliag.com\/fr\/wp-json\/wp\/v2\/users\/8"}],"replies":[{"embeddable":true,"href":"https:\/\/www.zimmerliag.com\/fr\/wp-json\/wp\/v2\/comments?post=2759"}],"version-history":[{"count":60,"href":"https:\/\/www.zimmerliag.com\/fr\/wp-json\/wp\/v2\/pages\/2759\/revisions"}],"predecessor-version":[{"id":8189,"href":"https:\/\/www.zimmerliag.com\/fr\/wp-json\/wp\/v2\/pages\/2759\/revisions\/8189"}],"wp:attachment":[{"href":"https:\/\/www.zimmerliag.com\/fr\/wp-json\/wp\/v2\/media?parent=2759"}],"curies":[{"name":"wp","href":"https:\/\/api.w.org\/{rel}","templated":true}]}}