{"id":2934,"date":"2021-08-25T07:46:00","date_gmt":"2021-08-25T05:46:00","guid":{"rendered":"https:\/\/www.zimmerliag.com\/?page_id=2934"},"modified":"2024-12-22T17:41:44","modified_gmt":"2024-12-22T15:41:44","slug":"temperatur","status":"publish","type":"page","link":"https:\/\/www.zimmerliag.com\/en\/temperatur\/","title":{"rendered":"Temperature measurement"},"content":{"rendered":"<div data-elementor-type=\"wp-page\" data-elementor-id=\"2934\" class=\"elementor elementor-2934\" data-elementor-post-type=\"page\">\n\t\t\t\t\t\t<section class=\"elementor-section elementor-top-section elementor-element elementor-element-17acd67 elementor-section-boxed elementor-section-height-default elementor-section-height-default\" data-id=\"17acd67\" data-element_type=\"section\" data-e-type=\"section\">\n\t\t\t\t\t\t<div class=\"elementor-container elementor-column-gap-default\">\n\t\t\t\t\t<div class=\"elementor-column elementor-col-100 elementor-top-column elementor-element elementor-element-44e7542\" data-id=\"44e7542\" data-element_type=\"column\" data-e-type=\"column\">\n\t\t\t<div class=\"elementor-widget-wrap elementor-element-populated\">\n\t\t\t\t\t\t<div class=\"elementor-element elementor-element-00b1421 elementor-widget elementor-widget-spacer\" data-id=\"00b1421\" data-element_type=\"widget\" data-e-type=\"widget\" data-widget_type=\"spacer.default\">\n\t\t\t\t<div class=\"elementor-widget-container\">\n\t\t\t\t\t\t\t<div class=\"elementor-spacer\">\n\t\t\t<div class=\"elementor-spacer-inner\"><\/div>\n\t\t<\/div>\n\t\t\t\t\t\t<\/div>\n\t\t\t\t<\/div>\n\t\t\t\t<div class=\"elementor-element elementor-element-5c9b62a elementor-hidden-desktop elementor-hidden-tablet elementor-hidden-mobile elementor-widget elementor-widget-heading\" data-id=\"5c9b62a\" data-element_type=\"widget\" data-e-type=\"widget\" data-widget_type=\"heading.default\">\n\t\t\t\t<div class=\"elementor-widget-container\">\n\t\t\t\t\t<h1 class=\"elementor-heading-title elementor-size-default\">Temperatur - ZIMMERLI MESSTECHNIK AG<\/h1>\t\t\t\t<\/div>\n\t\t\t\t<\/div>\n\t\t\t\t\t<\/div>\n\t\t<\/div>\n\t\t\t\t\t<\/div>\n\t\t<\/section>\n\t\t\t\t<section class=\"elementor-section elementor-top-section elementor-element elementor-element-4fec610 elementor-section-boxed elementor-section-height-default elementor-section-height-default\" data-id=\"4fec610\" data-element_type=\"section\" data-e-type=\"section\">\n\t\t\t\t\t\t<div class=\"elementor-container elementor-column-gap-default\">\n\t\t\t\t\t<div class=\"elementor-column elementor-col-50 elementor-top-column elementor-element elementor-element-82eff62\" data-id=\"82eff62\" data-element_type=\"column\" data-e-type=\"column\">\n\t\t\t<div class=\"elementor-widget-wrap elementor-element-populated\">\n\t\t\t\t\t\t<div class=\"elementor-element elementor-element-ef843f6 elementor-widget elementor-widget-text-editor\" data-id=\"ef843f6\" data-element_type=\"widget\" data-e-type=\"widget\" data-widget_type=\"text-editor.default\">\n\t\t\t\t<div class=\"elementor-widget-container\">\n\t\t\t\t\t\t\t\t\t<p><a class=\"general-text main-color\" href=\"#\">Temperature measurement<\/a><\/p>\t\t\t\t\t\t\t\t<\/div>\n\t\t\t\t<\/div>\n\t\t\t\t<div class=\"elementor-element elementor-element-32493f4 elementor-widget elementor-widget-text-editor\" data-id=\"32493f4\" data-element_type=\"widget\" data-e-type=\"widget\" data-no-translation=\"\" data-widget_type=\"text-editor.default\">\n\t\t\t\t<div class=\"elementor-widget-container\">\n\t\t\t\t\t<style>.elementor-element-32493f4{display:none !important}<\/style>\t\t\t\t<\/div>\n\t\t\t\t<\/div>\n\t\t\t\t<div class=\"elementor-element elementor-element-3fce86e elementor-widget elementor-widget-text-editor\" data-id=\"3fce86e\" data-element_type=\"widget\" data-e-type=\"widget\" data-no-translation=\"\" data-widget_type=\"text-editor.default\">\n\t\t\t\t<div class=\"elementor-widget-container\">\n\t\t\t\t\t\t\t\t\t<a class=\"general-text\" href=\"\/en\/durchfluss\">Flow measurement<\/a><br class=\"br\" \/><a class=\"general-text\" href=\"\/en\/fuellstand\">Level measurement<\/a><br class=\"br\" \/><a class=\"general-text\" href=\"\/en\/waegetechnik\">Industrial Weighing<\/a><br class=\"br\" \/><a class=\"general-text\" href=\"\/en\/druckregler\">Pressure regulating<\/a><br class=\"br\" \/><a class=\"general-text\" href=\"\/en\/druckmesstechnik\">Pressure measurement<\/a><br class=\"br\" \/><a class=\"general-text\" href=\"\/en\/temperatur\">Temperature measurement<\/a>\t\t\t\t\t\t\t\t<\/div>\n\t\t\t\t<\/div>\n\t\t\t\t<div class=\"elementor-element elementor-element-c10554c elementor-widget elementor-widget-text-editor\" data-id=\"c10554c\" data-element_type=\"widget\" data-e-type=\"widget\" data-no-translation=\"\" data-widget_type=\"text-editor.default\">\n\t\t\t\t<div class=\"elementor-widget-container\">\n\t\t\t\t\t<style>.elementor-element-c10554c{display:none !important}<\/style>\t\t\t\t<\/div>\n\t\t\t\t<\/div>\n\t\t\t\t\t<\/div>\n\t\t<\/div>\n\t\t\t\t<div class=\"elementor-column elementor-col-50 elementor-top-column elementor-element elementor-element-9d38570\" data-id=\"9d38570\" data-element_type=\"column\" data-e-type=\"column\">\n\t\t\t<div class=\"elementor-widget-wrap elementor-element-populated\">\n\t\t\t\t\t\t<div class=\"elementor-element elementor-element-f245b32 elementor-widget elementor-widget-text-editor\" data-id=\"f245b32\" data-element_type=\"widget\" data-e-type=\"widget\" data-widget_type=\"text-editor.default\">\n\t\t\t\t<div class=\"elementor-widget-container\">\n\t\t\t\t\t\t\t\t\t<p class=\"general-text bold\"><a href=\"https:\/\/www.labom.com\/de\/produkte\/temperatur.html\" target=\"_blank\" rel=\"noopener\">Direktlink zu Labom\u00ae<\/a><\/p>\t\t\t\t\t\t\t\t<\/div>\n\t\t\t\t<\/div>\n\t\t\t\t<div class=\"elementor-element elementor-element-2f97d3f elementor-widget elementor-widget-html\" data-id=\"2f97d3f\" data-element_type=\"widget\" data-e-type=\"widget\" data-widget_type=\"html.default\">\n\t\t\t\t<div class=\"elementor-widget-container\">\n\t\t\t\t\t<div class=\"direktlink-box\">\n<div class=\"direktlink-section\">\n\n<a href=\"https:\/\/www.labom.com\/de\/produkte\/temperatur\/elektronisch.html\" target=\"_blank\" rel=\"noopener\"><img decoding=\"async\" src=\"\/wp-content\/uploads\/2021\/08\/Produkt_elektr-Temperaturmessung.png\" alt=\"Electronic temperature measurement technology\" \/><\/a>\n<h2 class=\"h3-as-h2\">Electronic temperature measurement technology<\/h2>\n<ul>\n \t<li>Compact stainless steel housing in hygienic design according to EHEDG and 3A<\/li>\n \t<li>Installation in separate protective tube with multiple process connections or as surface temperature unit with clamping elements<\/li>\n \t<li>High resolution graphic display with backlighting<\/li>\n \t<li>Accuracy 0.1 % of the set measuring span<\/li>\n \t<li>Output signal 4\u202620 mA with HART\u00ae protocol<\/li>\n \t<li>Quick set-up function<\/li>\n \t<li>Measuring resistor Pt100, class A<\/li>\n \t<li>Hygienic temperature measurement on the pipe or tank surface<\/li>\n \t<li>Developed according to 3A guidelines<\/li>\n<\/ul>\n<\/div>\n<div class=\"direktlink-section\">\n\n<a href=\"https:\/\/www.labom.com\/de\/produkte\/temperatur\/mechanisch.html\" target=\"_blank\" rel=\"noopener\">\n<img decoding=\"async\" src=\"\/wp-content\/uploads\/2021\/08\/Produkt_mech-Temperatur.png\" alt=\"Mechanical temperature measurement technology\" \/><\/a>\n<h2 class=\"h3-as-h2\">Mechanical temperature measurement technology<\/h2>\n<ul>\n \t<li>Housing, measuring system and wetted parts made of stainless steel<\/li>\n \t<li>various connection types available<\/li>\n \t<li>Accuracy class 1 or 2 according to DIN 16196 dependent on measuring range<\/li>\n \t<li>Micro-adjustment pointer for display correction<\/li>\n \t<li>Switching contacts (electric limit switches) according to DIN 16196: slow-action contact; magnetic snap-action contact; inductive limit switches<\/li>\n \t<li>Explosion protection<\/li>\n \t<li>Material test certificate according to EN 10204<\/li>\n \t<li>Connection to Zone 0, in conjunction with protective tubes on request<\/li>\n<\/ul>\n<\/div>\n<div class=\"direktlink-section\">\n\n<a href=\"https:\/\/www.labom.com\/de\/produkte\/temperatur\/schutzrohre.html\" target=\"_blank\" rel=\"noopener\">\n<img decoding=\"async\" src=\"\/wp-content\/uploads\/2021\/08\/Produkt_Schutzrohre.png\" alt=\"Protective tubes\" \/><\/a>\n<h2 class=\"h3-as-h2\">Protective tubes<\/h2>\n<ul>\n \t<li>Hygienic, invasive protective tube system<\/li>\n \t<li>Assembly and dismantling of the temperature sensor without interrupting the process<\/li>\n \t<li>Wetted parts stainless steel W.- No. 1.4435 (316L)<\/li>\n \t<li>Surface roughness \u2264 0,4 \u03bcm, electropolished<\/li>\n \t<li>Delta ferrite content &lt; 3%<\/li>\n \t<li>Material certificate according to DIN EN 10204-3.1<\/li>\n \t<li>DIN 11851, VARIVENT\u00ae and clamp according to DIN 32676 \/ ISO 2852 with EHEDG certificate<\/li>\n \t<li>Various process connections for food\/pharmaceutical\/biotechnology<\/li>\n \t<li>Tube standards: DIN 11866 series A \/ EN 10357 (DIN 11850); series B \/ ISO1127; series C \/ ASME BPE<\/li>\n \t<li>Design: Straight or angled tube system<\/li>\n \t<li>Suitable for attachment to Zone 0<\/li>\n<\/ul>\n<\/div>\n<\/div>\t\t\t\t<\/div>\n\t\t\t\t<\/div>\n\t\t\t\t\t<\/div>\n\t\t<\/div>\n\t\t\t\t\t<\/div>\n\t\t<\/section>\n\t\t\t\t<section class=\"elementor-section elementor-top-section elementor-element elementor-element-f0d4d6a elementor-section-boxed elementor-section-height-default elementor-section-height-default\" data-id=\"f0d4d6a\" data-element_type=\"section\" data-e-type=\"section\">\n\t\t\t\t\t\t<div class=\"elementor-container elementor-column-gap-default\">\n\t\t\t\t\t<div class=\"elementor-column elementor-col-100 elementor-top-column elementor-element elementor-element-908de02\" data-id=\"908de02\" data-element_type=\"column\" data-e-type=\"column\">\n\t\t\t<div class=\"elementor-widget-wrap elementor-element-populated\">\n\t\t\t\t\t\t<div class=\"elementor-element elementor-element-8c9737c elementor-widget elementor-widget-spacer\" data-id=\"8c9737c\" data-element_type=\"widget\" data-e-type=\"widget\" data-widget_type=\"spacer.default\">\n\t\t\t\t<div class=\"elementor-widget-container\">\n\t\t\t\t\t\t\t<div class=\"elementor-spacer\">\n\t\t\t<div class=\"elementor-spacer-inner\"><\/div>\n\t\t<\/div>\n\t\t\t\t\t\t<\/div>\n\t\t\t\t<\/div>\n\t\t\t\t\t<\/div>\n\t\t<\/div>\n\t\t\t\t\t<\/div>\n\t\t<\/section>\n\t\t\t\t<\/div>","protected":false},"excerpt":{"rendered":"<p>Temperatur &#8211; ZIMMERLI MESSTECHNIK AG Temperatur DurchflussF\u00fcllstandW\u00e4getechnikDruckreglerDruckmesstechnikTemperaturFlow measurementLevel measurementIndustrial WeighingPressure regulatingPressure measurementTemperature measurementD\u00e9bitNiveaux de remplissagePesageR\u00e9gulateur de pressionTechnique de mesure pressionTemp\u00e9rature Direktlink zu Labom\u00ae Elektronische Temperaturmesstechnik Kompaktes Edelstahlgeh\u00e4use im hygienischen Design nach Empfehlungen der EHEDG und 3A Einbau in separates Schutzrohr mit vielf\u00e4ltigen Prozessanschl\u00fcssen oder als Oberfl\u00e4chentemperaturger\u00e4t mit Spannelement Hochaufl\u00f6sendes Grafikdisplay mit Hintergrundbeleuchtung Genauigkeit 0,1 % [&hellip;]<\/p>\n","protected":false},"author":8,"featured_media":0,"parent":0,"menu_order":0,"comment_status":"closed","ping_status":"closed","template":"elementor_header_footer","meta":{"_acf_changed":false,"footnotes":""},"class_list":["post-2934","page","type-page","status-publish","hentry"],"acf":[],"yoast_head":"<!-- This site is optimized with the Yoast SEO plugin v27.4 - https:\/\/yoast.com\/product\/yoast-seo-wordpress\/ -->\n<title>Temperatur - ZIMMERLI MESSTECHNIK AG<\/title>\n<meta name=\"description\" content=\"Zimmerli Messtechnik - Temperatur - Wir beraten Sie sowohl bei neuen L\u00f6sungen als auch bei Optimierungen Ihrer bestehenden Anlagen.\" \/>\n<meta name=\"robots\" content=\"index, follow, max-snippet:-1, max-image-preview:large, max-video-preview:-1\" \/>\n<link rel=\"canonical\" href=\"https:\/\/www.zimmerliag.com\/en\/temperatur\/\" \/>\n<meta property=\"og:locale\" content=\"en_GB\" \/>\n<meta property=\"og:type\" content=\"article\" \/>\n<meta property=\"og:title\" content=\"Temperatur - ZIMMERLI MESSTECHNIK AG\" \/>\n<meta property=\"og:description\" content=\"Zimmerli Messtechnik - Temperatur - Wir beraten Sie sowohl bei neuen L\u00f6sungen als auch bei Optimierungen Ihrer bestehenden Anlagen.\" \/>\n<meta property=\"og:url\" content=\"https:\/\/www.zimmerliag.com\/en\/temperatur\/\" \/>\n<meta property=\"og:site_name\" content=\"ZIMMERLI MESSTECHNIK AG\" \/>\n<meta property=\"article:modified_time\" content=\"2024-12-22T15:41:44+00:00\" \/>\n<meta name=\"twitter:card\" content=\"summary_large_image\" \/>\n<meta name=\"twitter:label1\" content=\"Estimated reading time\" \/>\n\t<meta name=\"twitter:data1\" content=\"2 minutes\" \/>\n<script type=\"application\/ld+json\" class=\"yoast-schema-graph\">{\"@context\":\"https:\\\/\\\/schema.org\",\"@graph\":[{\"@type\":\"WebPage\",\"@id\":\"https:\\\/\\\/www.zimmerliag.com\\\/temperatur\\\/\",\"url\":\"https:\\\/\\\/www.zimmerliag.com\\\/temperatur\\\/\",\"name\":\"Temperatur - ZIMMERLI MESSTECHNIK AG\",\"isPartOf\":{\"@id\":\"https:\\\/\\\/www.zimmerliag.com\\\/#website\"},\"datePublished\":\"2021-08-25T05:46:00+00:00\",\"dateModified\":\"2024-12-22T15:41:44+00:00\",\"description\":\"Zimmerli Messtechnik - Temperatur - Wir beraten Sie sowohl bei neuen L\u00f6sungen als auch bei Optimierungen Ihrer bestehenden Anlagen.\",\"breadcrumb\":{\"@id\":\"https:\\\/\\\/www.zimmerliag.com\\\/temperatur\\\/#breadcrumb\"},\"inLanguage\":\"en-GB\",\"potentialAction\":[{\"@type\":\"ReadAction\",\"target\":[\"https:\\\/\\\/www.zimmerliag.com\\\/temperatur\\\/\"]}]},{\"@type\":\"BreadcrumbList\",\"@id\":\"https:\\\/\\\/www.zimmerliag.com\\\/temperatur\\\/#breadcrumb\",\"itemListElement\":[{\"@type\":\"ListItem\",\"position\":1,\"name\":\"Home\",\"item\":\"https:\\\/\\\/www.zimmerliag.com\\\/\"},{\"@type\":\"ListItem\",\"position\":2,\"name\":\"Temperatur\"}]},{\"@type\":\"WebSite\",\"@id\":\"https:\\\/\\\/www.zimmerliag.com\\\/#website\",\"url\":\"https:\\\/\\\/www.zimmerliag.com\\\/\",\"name\":\"ZIMMERLI MESSTECHNIK AG\",\"description\":\"\",\"publisher\":{\"@id\":\"https:\\\/\\\/www.zimmerliag.com\\\/#organization\"},\"potentialAction\":[{\"@type\":\"SearchAction\",\"target\":{\"@type\":\"EntryPoint\",\"urlTemplate\":\"https:\\\/\\\/www.zimmerliag.com\\\/?s={search_term_string}\"},\"query-input\":{\"@type\":\"PropertyValueSpecification\",\"valueRequired\":true,\"valueName\":\"search_term_string\"}}],\"inLanguage\":\"en-GB\"},{\"@type\":\"Organization\",\"@id\":\"https:\\\/\\\/www.zimmerliag.com\\\/#organization\",\"name\":\"ZIMMERLI MESSTECHNIK AG\",\"url\":\"https:\\\/\\\/www.zimmerliag.com\\\/\",\"logo\":{\"@type\":\"ImageObject\",\"inLanguage\":\"en-GB\",\"@id\":\"https:\\\/\\\/www.zimmerliag.com\\\/#\\\/schema\\\/logo\\\/image\\\/\",\"url\":\"https:\\\/\\\/www.zimmerliag.com\\\/wp-content\\\/uploads\\\/2021\\\/02\\\/Logo_Zimmerli_blau_schwarz_RGB-scaled-e1766044761939.png\",\"contentUrl\":\"https:\\\/\\\/www.zimmerliag.com\\\/wp-content\\\/uploads\\\/2021\\\/02\\\/Logo_Zimmerli_blau_schwarz_RGB-scaled-e1766044761939.png\",\"width\":1000,\"height\":256,\"caption\":\"ZIMMERLI MESSTECHNIK AG\"},\"image\":{\"@id\":\"https:\\\/\\\/www.zimmerliag.com\\\/#\\\/schema\\\/logo\\\/image\\\/\"}}]}<\/script>\n<!-- \/ Yoast SEO plugin. -->","yoast_head_json":{"title":"Temperatur - ZIMMERLI MESSTECHNIK AG","description":"Zimmerli Messtechnik - Temperatur - Wir beraten Sie sowohl bei neuen L\u00f6sungen als auch bei Optimierungen Ihrer bestehenden Anlagen.","robots":{"index":"index","follow":"follow","max-snippet":"max-snippet:-1","max-image-preview":"max-image-preview:large","max-video-preview":"max-video-preview:-1"},"canonical":"https:\/\/www.zimmerliag.com\/en\/temperatur\/","og_locale":"en_GB","og_type":"article","og_title":"Temperatur - ZIMMERLI MESSTECHNIK AG","og_description":"Zimmerli Messtechnik - Temperatur - Wir beraten Sie sowohl bei neuen L\u00f6sungen als auch bei Optimierungen Ihrer bestehenden Anlagen.","og_url":"https:\/\/www.zimmerliag.com\/en\/temperatur\/","og_site_name":"ZIMMERLI MESSTECHNIK AG","article_modified_time":"2024-12-22T15:41:44+00:00","twitter_card":"summary_large_image","twitter_misc":{"Estimated reading time":"2 minutes"},"schema":{"@context":"https:\/\/schema.org","@graph":[{"@type":"WebPage","@id":"https:\/\/www.zimmerliag.com\/temperatur\/","url":"https:\/\/www.zimmerliag.com\/temperatur\/","name":"Temperatur - ZIMMERLI MESSTECHNIK AG","isPartOf":{"@id":"https:\/\/www.zimmerliag.com\/#website"},"datePublished":"2021-08-25T05:46:00+00:00","dateModified":"2024-12-22T15:41:44+00:00","description":"Zimmerli Messtechnik - Temperatur - Wir beraten Sie sowohl bei neuen L\u00f6sungen als auch bei Optimierungen Ihrer bestehenden Anlagen.","breadcrumb":{"@id":"https:\/\/www.zimmerliag.com\/temperatur\/#breadcrumb"},"inLanguage":"en-GB","potentialAction":[{"@type":"ReadAction","target":["https:\/\/www.zimmerliag.com\/temperatur\/"]}]},{"@type":"BreadcrumbList","@id":"https:\/\/www.zimmerliag.com\/temperatur\/#breadcrumb","itemListElement":[{"@type":"ListItem","position":1,"name":"Home","item":"https:\/\/www.zimmerliag.com\/"},{"@type":"ListItem","position":2,"name":"Temperatur"}]},{"@type":"WebSite","@id":"https:\/\/www.zimmerliag.com\/#website","url":"https:\/\/www.zimmerliag.com\/","name":"ZIMMERLI MESSTECHNIK AG","description":"","publisher":{"@id":"https:\/\/www.zimmerliag.com\/#organization"},"potentialAction":[{"@type":"SearchAction","target":{"@type":"EntryPoint","urlTemplate":"https:\/\/www.zimmerliag.com\/?s={search_term_string}"},"query-input":{"@type":"PropertyValueSpecification","valueRequired":true,"valueName":"search_term_string"}}],"inLanguage":"en-GB"},{"@type":"Organization","@id":"https:\/\/www.zimmerliag.com\/#organization","name":"ZIMMERLI MESSTECHNIK AG","url":"https:\/\/www.zimmerliag.com\/","logo":{"@type":"ImageObject","inLanguage":"en-GB","@id":"https:\/\/www.zimmerliag.com\/#\/schema\/logo\/image\/","url":"https:\/\/www.zimmerliag.com\/wp-content\/uploads\/2021\/02\/Logo_Zimmerli_blau_schwarz_RGB-scaled-e1766044761939.png","contentUrl":"https:\/\/www.zimmerliag.com\/wp-content\/uploads\/2021\/02\/Logo_Zimmerli_blau_schwarz_RGB-scaled-e1766044761939.png","width":1000,"height":256,"caption":"ZIMMERLI MESSTECHNIK AG"},"image":{"@id":"https:\/\/www.zimmerliag.com\/#\/schema\/logo\/image\/"}}]}},"_links":{"self":[{"href":"https:\/\/www.zimmerliag.com\/en\/wp-json\/wp\/v2\/pages\/2934","targetHints":{"allow":["GET"]}}],"collection":[{"href":"https:\/\/www.zimmerliag.com\/en\/wp-json\/wp\/v2\/pages"}],"about":[{"href":"https:\/\/www.zimmerliag.com\/en\/wp-json\/wp\/v2\/types\/page"}],"author":[{"embeddable":true,"href":"https:\/\/www.zimmerliag.com\/en\/wp-json\/wp\/v2\/users\/8"}],"replies":[{"embeddable":true,"href":"https:\/\/www.zimmerliag.com\/en\/wp-json\/wp\/v2\/comments?post=2934"}],"version-history":[{"count":74,"href":"https:\/\/www.zimmerliag.com\/en\/wp-json\/wp\/v2\/pages\/2934\/revisions"}],"predecessor-version":[{"id":7602,"href":"https:\/\/www.zimmerliag.com\/en\/wp-json\/wp\/v2\/pages\/2934\/revisions\/7602"}],"wp:attachment":[{"href":"https:\/\/www.zimmerliag.com\/en\/wp-json\/wp\/v2\/media?parent=2934"}],"curies":[{"name":"wp","href":"https:\/\/api.w.org\/{rel}","templated":true}]}}